{"id":146,"date":"2017-10-25T11:38:50","date_gmt":"2017-10-25T09:38:50","guid":{"rendered":"https:\/\/moshlecigare.com\/?page_id=146"},"modified":"2017-11-30T15:49:33","modified_gmt":"2017-11-30T14:49:33","slug":"contact","status":"publish","type":"page","link":"https:\/\/moshlecigare.com\/fr\/contact\/","title":{"rendered":"Contact"},"content":{"rendered":"","protected":false},"excerpt":{"rendered":"","protected":false},"author":1,"featured_media":0,"parent":0,"menu_order":0,"comment_status":"closed","ping_status":"closed","template":"template-contact.php","meta":{"footnotes":""},"class_list":["post-146","page","type-page","status-publish","hentry"],"acf":[],"yoast_head":"<!-- This site is optimized with the Yoast SEO plugin v20.2.1 - https:\/\/yoast.com\/wordpress\/plugins\/seo\/ -->\n<title>Contact\u239fMosh Le Cigare<\/title>\n<meta name=\"description\" content=\"Si t&#039;as des question sur que tu vas fumer, sur comment s&#039;est roul\u00e9 (\u00e0 la main, sous les aisselles...) n&#039;h\u00e9site pas, on ne mord pas !\" \/>\n<meta name=\"robots\" content=\"index, follow, max-snippet:-1, max-image-preview:large, max-video-preview:-1\" \/>\n<link rel=\"canonical\" href=\"https:\/\/moshlecigare.com\/fr\/contact\/\" \/>\n<meta property=\"og:locale\" content=\"fr_FR\" \/>\n<meta property=\"og:type\" content=\"article\" \/>\n<meta property=\"og:title\" content=\"Contact\u239fMosh Le Cigare\" \/>\n<meta property=\"og:description\" content=\"Si t&#039;as des question sur que tu vas fumer, sur comment s&#039;est roul\u00e9 (\u00e0 la main, sous les aisselles...) n&#039;h\u00e9site pas, on ne mord pas !\" \/>\n<meta property=\"og:url\" content=\"https:\/\/moshlecigare.com\/fr\/contact\/\" \/>\n<meta property=\"article:modified_time\" content=\"2017-11-30T14:49:33+00:00\" \/>\n<meta name=\"twitter:card\" content=\"summary_large_image\" \/>\n<script type=\"application\/ld+json\" class=\"yoast-schema-graph\">{\"@context\":\"https:\/\/schema.org\",\"@graph\":[{\"@type\":\"WebPage\",\"@id\":\"https:\/\/moshlecigare.com\/fr\/contact\/\",\"url\":\"https:\/\/moshlecigare.com\/fr\/contact\/\",\"name\":\"Contact\u239fMosh Le Cigare\",\"isPartOf\":{\"@id\":\"https:\/\/moshlecigare.com\/#website\"},\"datePublished\":\"2017-10-25T09:38:50+00:00\",\"dateModified\":\"2017-11-30T14:49:33+00:00\",\"description\":\"Si t'as des question sur que tu vas fumer, sur comment s'est roul\u00e9 (\u00e0 la main, sous les aisselles...) n'h\u00e9site pas, on ne mord pas !\",\"breadcrumb\":{\"@id\":\"https:\/\/moshlecigare.com\/fr\/contact\/#breadcrumb\"},\"inLanguage\":\"fr-FR\",\"potentialAction\":[{\"@type\":\"ReadAction\",\"target\":[\"https:\/\/moshlecigare.com\/fr\/contact\/\"]}]},{\"@type\":\"BreadcrumbList\",\"@id\":\"https:\/\/moshlecigare.com\/fr\/contact\/#breadcrumb\",\"itemListElement\":[{\"@type\":\"ListItem\",\"position\":1,\"name\":\"Accueil\",\"item\":\"https:\/\/moshlecigare.com\/fr\/\"},{\"@type\":\"ListItem\",\"position\":2,\"name\":\"Contact\"}]},{\"@type\":\"WebSite\",\"@id\":\"https:\/\/moshlecigare.com\/#website\",\"url\":\"https:\/\/moshlecigare.com\/\",\"name\":\"\",\"description\":\"Les cigares qui vont te faire de l&#039;effet !\",\"potentialAction\":[{\"@type\":\"SearchAction\",\"target\":{\"@type\":\"EntryPoint\",\"urlTemplate\":\"https:\/\/moshlecigare.com\/?s={search_term_string}\"},\"query-input\":\"required name=search_term_string\"}],\"inLanguage\":\"fr-FR\"}]}<\/script>\n<!-- \/ Yoast SEO plugin. -->","yoast_head_json":{"title":"Contact\u239fMosh Le Cigare","description":"Si t'as des question sur que tu vas fumer, sur comment s'est roul\u00e9 (\u00e0 la main, sous les aisselles...) n'h\u00e9site pas, on ne mord pas !","robots":{"index":"index","follow":"follow","max-snippet":"max-snippet:-1","max-image-preview":"max-image-preview:large","max-video-preview":"max-video-preview:-1"},"canonical":"https:\/\/moshlecigare.com\/fr\/contact\/","og_locale":"fr_FR","og_type":"article","og_title":"Contact\u239fMosh Le Cigare","og_description":"Si t'as des question sur que tu vas fumer, sur comment s'est roul\u00e9 (\u00e0 la main, sous les aisselles...) n'h\u00e9site pas, on ne mord pas !","og_url":"https:\/\/moshlecigare.com\/fr\/contact\/","article_modified_time":"2017-11-30T14:49:33+00:00","twitter_card":"summary_large_image","schema":{"@context":"https:\/\/schema.org","@graph":[{"@type":"WebPage","@id":"https:\/\/moshlecigare.com\/fr\/contact\/","url":"https:\/\/moshlecigare.com\/fr\/contact\/","name":"Contact\u239fMosh Le Cigare","isPartOf":{"@id":"https:\/\/moshlecigare.com\/#website"},"datePublished":"2017-10-25T09:38:50+00:00","dateModified":"2017-11-30T14:49:33+00:00","description":"Si t'as des question sur que tu vas fumer, sur comment s'est roul\u00e9 (\u00e0 la main, sous les aisselles...) n'h\u00e9site pas, on ne mord pas !","breadcrumb":{"@id":"https:\/\/moshlecigare.com\/fr\/contact\/#breadcrumb"},"inLanguage":"fr-FR","potentialAction":[{"@type":"ReadAction","target":["https:\/\/moshlecigare.com\/fr\/contact\/"]}]},{"@type":"BreadcrumbList","@id":"https:\/\/moshlecigare.com\/fr\/contact\/#breadcrumb","itemListElement":[{"@type":"ListItem","position":1,"name":"Accueil","item":"https:\/\/moshlecigare.com\/fr\/"},{"@type":"ListItem","position":2,"name":"Contact"}]},{"@type":"WebSite","@id":"https:\/\/moshlecigare.com\/#website","url":"https:\/\/moshlecigare.com\/","name":"","description":"Les cigares qui vont te faire de l&#039;effet !","potentialAction":[{"@type":"SearchAction","target":{"@type":"EntryPoint","urlTemplate":"https:\/\/moshlecigare.com\/?s={search_term_string}"},"query-input":"required name=search_term_string"}],"inLanguage":"fr-FR"}]}},"_links":{"self":[{"href":"https:\/\/moshlecigare.com\/fr\/wp-json\/wp\/v2\/pages\/146","targetHints":{"allow":["GET"]}}],"collection":[{"href":"https:\/\/moshlecigare.com\/fr\/wp-json\/wp\/v2\/pages"}],"about":[{"href":"https:\/\/moshlecigare.com\/fr\/wp-json\/wp\/v2\/types\/page"}],"author":[{"embeddable":true,"href":"https:\/\/moshlecigare.com\/fr\/wp-json\/wp\/v2\/users\/1"}],"replies":[{"embeddable":true,"href":"https:\/\/moshlecigare.com\/fr\/wp-json\/wp\/v2\/comments?post=146"}],"version-history":[{"count":2,"href":"https:\/\/moshlecigare.com\/fr\/wp-json\/wp\/v2\/pages\/146\/revisions"}],"predecessor-version":[{"id":153,"href":"https:\/\/moshlecigare.com\/fr\/wp-json\/wp\/v2\/pages\/146\/revisions\/153"}],"wp:attachment":[{"href":"https:\/\/moshlecigare.com\/fr\/wp-json\/wp\/v2\/media?parent=146"}],"curies":[{"name":"wp","href":"https:\/\/api.w.org\/{rel}","templated":true}]}}